{"id":98,"date":"2021-02-20T10:50:40","date_gmt":"2021-02-20T09:50:40","guid":{"rendered":"http:\/\/www.salons-et-instituts.lcinfoserv.fr\/?page_id=98"},"modified":"2021-02-22T11:37:25","modified_gmt":"2021-02-22T10:37:25","slug":"massages","status":"publish","type":"page","link":"https:\/\/www.salons-et-instituts.lcinfoserv.fr\/index.php\/massages\/","title":{"rendered":"Massages"},"content":{"rendered":"<div class=\"mp-row-fluid motopress-row mpce-dsbl-margin-left mpce-dsbl-margin-right\">\n<div class=\"motopress-clmn mp-span12  mpce-dsbl-margin-left mpce-dsbl-margin-right\">\n<div class=\"motopress-text-obj\">\n<h2 style=\"text-align: center;\"><span style=\"color: #e2a19a;\">Massages<\/span><\/h2>\n<\/div>\n<\/div>\n<\/div>\n<div class=\"mp-row-fluid motopress-row mpce-dsbl-margin-left mpce-dsbl-margin-right\">\n<div class=\"motopress-clmn mp-span12  mpce-dsbl-margin-left mpce-dsbl-margin-right\">\n<div class=\"motopress-tabs-obj motopress-tabs-no-vertical motopress-tabs-padding-20 motopress-tabs-basic\" data-atts=\"{&quot;active&quot;:0,&quot;rotateTime&quot;:0,&quot;tabsCount&quot;:2,&quot;vertical&quot;:false}\"><ul><li data-tab-no=\"0\" class=\"ui-tabs-nav-item\"><a href=\"#6030dcecc329b\"><span class=\"tab-text\">Massage \u00e0 la bougie<\/span><\/a><\/li><li data-tab-no=\"1\" class=\"ui-tabs-nav-item\"><a href=\"#6030dcecc329c\"><span class=\"tab-text\">Massage \u00e0 la pierre chaude<\/span><\/a><\/li><\/ul>\n<div class=\"motopress-tab\" id=\"6030dcecc329b\">\n<p><img loading=\"lazy\" class=\"size-medium wp-image-26 alignleft\" src=\"https:\/\/www.salons-et-instituts.lcinfoserv.fr\/wp-content\/uploads\/2021\/02\/5-212x300.png\" alt=\"\" width=\"212\" height=\"300\" srcset=\"https:\/\/www.salons-et-instituts.lcinfoserv.fr\/wp-content\/uploads\/2021\/02\/5-212x300.png 212w, https:\/\/www.salons-et-instituts.lcinfoserv.fr\/wp-content\/uploads\/2021\/02\/5-724x1024.png 724w, https:\/\/www.salons-et-instituts.lcinfoserv.fr\/wp-content\/uploads\/2021\/02\/5-768x1086.png 768w, https:\/\/www.salons-et-instituts.lcinfoserv.fr\/wp-content\/uploads\/2021\/02\/5-1086x1536.png 1086w, https:\/\/www.salons-et-instituts.lcinfoserv.fr\/wp-content\/uploads\/2021\/02\/5-403x570.png 403w, https:\/\/www.salons-et-instituts.lcinfoserv.fr\/wp-content\/uploads\/2021\/02\/5-71x100.png 71w, https:\/\/www.salons-et-instituts.lcinfoserv.fr\/wp-content\/uploads\/2021\/02\/5.png 1414w\" sizes=\"(max-width: 212px) 100vw, 212px\" \/>Un moment de pur plaisir, envelopp\u00e9(e) dans une atmosph\u00e8re feutr\u00e9e et l\u00e9g\u00e8rement parfum\u00e9e.<\/p>\n<p>Venez profiter d\u2019un instant de bien-\u00eatre associant douceur et chaleur.<\/p>\n<h2 class=\"mpa-attributes-title\">Details<\/h2>\n<ul>\n<li>Prix : 75 \u20ac<\/li>\n<li>Dur\u00e9e : 30m<\/li>\n<\/ul>\n<\/div>\n<div class=\"motopress-tab\" id=\"6030dcecc329c\">\n<p><img loading=\"lazy\" class=\"size-medium wp-image-34 alignleft\" src=\"https:\/\/www.salons-et-instituts.lcinfoserv.fr\/wp-content\/uploads\/2021\/02\/13-e1613729767696-300x198.png\" alt=\"\" width=\"300\" height=\"198\" srcset=\"https:\/\/www.salons-et-instituts.lcinfoserv.fr\/wp-content\/uploads\/2021\/02\/13-e1613729767696-300x198.png 300w, https:\/\/www.salons-et-instituts.lcinfoserv.fr\/wp-content\/uploads\/2021\/02\/13-e1613729767696-1024x677.png 1024w, https:\/\/www.salons-et-instituts.lcinfoserv.fr\/wp-content\/uploads\/2021\/02\/13-e1613729767696-768x508.png 768w, https:\/\/www.salons-et-instituts.lcinfoserv.fr\/wp-content\/uploads\/2021\/02\/13-e1613729767696-570x377.png 570w, https:\/\/www.salons-et-instituts.lcinfoserv.fr\/wp-content\/uploads\/2021\/02\/13-e1613729767696-100x66.png 100w, https:\/\/www.salons-et-instituts.lcinfoserv.fr\/wp-content\/uploads\/2021\/02\/13-e1613729767696.png 1414w\" sizes=\"(max-width: 300px) 100vw, 300px\" \/>Cras fringilla dignissim malesuada. Vestibulum eget ullamcorper tortor. Etiam vel nibh quis ex malesuada pharetra. Aliquam erat volutpat. In fermentum purus non dictum interdum. Sed egestas venenatis dui, non vehicula risus placerat eu.<\/p>\n<h2 class=\"mpa-attributes-title\">Details<\/h2>\n<ul class=\"mpa-single-service-attributes mpa-single-post-type-attributes\">\n<li class=\"mpa-service-price\"><span class=\"mpa-attribute-title mpa-price-attribute-title\">Prix :<\/span>\u00a0<span class=\"mpa-attribute-value\"><span class=\"mpa-price\">90\u00a0<span class=\"mpa-currency\">\u20ac<\/span><\/span><\/span><\/li>\n<li class=\"mpa-service-duration\"><span class=\"mpa-attribute-title mpa-duration-attribute-title\">Dur\u00e9e :<\/span>\u00a0<span class=\"mpa-attribute-value\">45m<\/span><\/li>\n<\/ul>\n<\/div>\n<\/div>\n<\/div>\n<\/div>\n","protected":false},"excerpt":{"rendered":"Massages Massage \u00e0 la bougieMassage \u00e0 la pierre chaude Un moment de pur plaisir, envelopp\u00e9(e) dans une atmosph\u00e8re feutr\u00e9e et l\u00e9g\u00e8rement parfum\u00e9e. Venez profiter d\u2019un instant de bien-\u00eatre associant douceur et chaleur. Details Prix : 75 \u20ac Dur\u00e9e : 30m Cras fringilla dignissim malesuada. Vestibulum eget ullamcorper tortor. Etiam vel nibh quis ex malesuada pharetra&#8230;. <p><a class=\"more-link\" href=\"https:\/\/www.salons-et-instituts.lcinfoserv.fr\/index.php\/massages\/\">read more<\/a><\/p>","protected":false},"author":1,"featured_media":0,"parent":0,"menu_order":0,"comment_status":"closed","ping_status":"closed","template":"","meta":[],"_links":{"self":[{"href":"https:\/\/www.salons-et-instituts.lcinfoserv.fr\/index.php\/wp-json\/wp\/v2\/pages\/98"}],"collection":[{"href":"https:\/\/www.salons-et-instituts.lcinfoserv.fr\/index.php\/wp-json\/wp\/v2\/pages"}],"about":[{"href":"https:\/\/www.salons-et-instituts.lcinfoserv.fr\/index.php\/wp-json\/wp\/v2\/types\/page"}],"author":[{"embeddable":true,"href":"https:\/\/www.salons-et-instituts.lcinfoserv.fr\/index.php\/wp-json\/wp\/v2\/users\/1"}],"replies":[{"embeddable":true,"href":"https:\/\/www.salons-et-instituts.lcinfoserv.fr\/index.php\/wp-json\/wp\/v2\/comments?post=98"}],"version-history":[{"count":4,"href":"https:\/\/www.salons-et-instituts.lcinfoserv.fr\/index.php\/wp-json\/wp\/v2\/pages\/98\/revisions"}],"predecessor-version":[{"id":124,"href":"https:\/\/www.salons-et-instituts.lcinfoserv.fr\/index.php\/wp-json\/wp\/v2\/pages\/98\/revisions\/124"}],"wp:attachment":[{"href":"https:\/\/www.salons-et-instituts.lcinfoserv.fr\/index.php\/wp-json\/wp\/v2\/media?parent=98"}],"curies":[{"name":"wp","href":"https:\/\/api.w.org\/{rel}","templated":true}]}}