{"id":77,"date":"2021-02-19T21:38:36","date_gmt":"2021-02-19T20:38:36","guid":{"rendered":"http:\/\/www.salons-et-instituts.lcinfoserv.fr\/?page_id=77"},"modified":"2021-08-20T12:18:19","modified_gmt":"2021-08-20T10:18:19","slug":"contact","status":"publish","type":"page","link":"https:\/\/www.salons-et-instituts.lcinfoserv.fr\/index.php\/contact\/","title":{"rendered":"Contact"},"content":{"rendered":"<div class=\"mp-row-fluid motopress-row mpce-dsbl-margin-left mpce-dsbl-margin-right\">\n<div class=\"motopress-clmn mp-span6  mpce-dsbl-margin-left mpce-dsbl-margin-right\">\n<div class=\"mp-row-fluid motopress-row mpce-dsbl-margin-left mpce-dsbl-margin-right\">\n<div class=\"motopress-clmn mp-span12 mpce-dsbl-margin-left mpce-dsbl-margin-right\">\n<div class=\"motopress-text-obj\">\n<h2>&nbsp;<span style=\"color: #e2a19a;\">Coordonn&eacute;es<\/span><\/h2>\n<\/div>\n<\/div>\n<\/div>\n<div class=\"mp-row-fluid motopress-row mpce-dsbl-margin-left mpce-dsbl-margin-right\">\n<div class=\"motopress-clmn mp-span2 mpce-dsbl-margin-left mpce-dsbl-margin-right\">\n<div class=\"motopress-ce-icon-obj mp-theme-icon-bg-brand motopress-ce-icon-shape-circle  motopress-ce-icon-size-small  motopress-ce-icon-align-center  mpce-dsbl-padding-left mpce-dsbl-padding-right mpce-dsbl-margin-top mpce-dsbl-margin-bottom\" style=\" min-height: 2.000000em; height: 2.000000em; min-width: 2.000000em; width: 2.000000em;\"><div style=\"background-color:; border-color: transparent; min-height: 2.000000em; height: 2.000000em; min-width: 2.000000em; width: 2.000000em;\" class=\"motopress-ce-icon-bg\"><span class=\"fa fa-address-card-o motopress-ce-icon-preview\" style=\"color:\"><\/span><\/div><\/div>\n<\/div>\n<div class=\"motopress-clmn mp-span10 mpce-dsbl-margin-left mpce-dsbl-margin-right\">\n<div class=\"motopress-text-obj\">\n<address>N&deg; + nom de la rue<\/address>\n<address>CP + Ville<\/address>\n<\/div>\n<\/div>\n<\/div>\n<div class=\"mp-row-fluid motopress-row mpce-dsbl-margin-left mpce-dsbl-margin-right\">\n<div class=\"motopress-clmn mp-span12 mpce-dsbl-margin-left mpce-dsbl-margin-right  motopress-space\">\n<div class=\"motopress-space-obj mpce-dsbl-background-image-type mpce-dsbl-background-image mpce-dsbl-background-gradient mpce-dsbl-background-position mpce-dsbl-background-position-x mpce-dsbl-background-position-y mpce-dsbl-background-repeat mpce-dsbl-background-size mpce-dsbl-background-attachment mpce-dsbl-margin-left mpce-dsbl-margin-right mpce-dsbl-background-color mpce-dsbl-border-top-width mpce-dsbl-border-bottom-width mpce-dsbl-border-left-width mpce-dsbl-border-right-width mpce-dsbl-border-top-left-radius mpce-dsbl-border-top-right-radius mpce-dsbl-border-bottom-left-radius mpce-dsbl-border-bottom-right-radius mpce-dsbl-border-style mpce-dsbl-border-color mpce-dsbl-padding-left mpce-dsbl-padding-right mpce-dsbl-margin-top mpce-dsbl-margin-bottom mpce-dsbl-color\"  data-min-height=\"0\"><div><\/div><\/div>\n<\/div>\n<\/div>\n<div class=\"mp-row-fluid motopress-row mpce-dsbl-margin-left mpce-dsbl-margin-right\">\n<div class=\"motopress-clmn mp-span2 mpce-dsbl-margin-left mpce-dsbl-margin-right\">\n<div class=\"motopress-ce-icon-obj mp-theme-icon-bg-brand motopress-ce-icon-shape-circle  motopress-ce-icon-size-small  motopress-ce-icon-align-center  mpce-dsbl-padding-left mpce-dsbl-padding-right mpce-dsbl-margin-top mpce-dsbl-margin-bottom\" style=\" min-height: 2.000000em; height: 2.000000em; min-width: 2.000000em; width: 2.000000em;\"><div style=\"background-color:; border-color: transparent; min-height: 2.000000em; height: 2.000000em; min-width: 2.000000em; width: 2.000000em;\" class=\"motopress-ce-icon-bg\"><span class=\"fa fa-phone motopress-ce-icon-preview\" style=\"color:\"><\/span><\/div><\/div>\n<\/div>\n<div class=\"motopress-clmn mp-span10 mpce-dsbl-margin-left mpce-dsbl-margin-right\">\n<div class=\"motopress-text-obj\">\n<address>N&deg; de t&eacute;l&eacute;phone<\/address>\n<\/div>\n<\/div>\n<\/div>\n<div class=\"mp-row-fluid motopress-row mpce-dsbl-margin-left mpce-dsbl-margin-right\">\n<div class=\"motopress-clmn mp-span12 mpce-dsbl-margin-left mpce-dsbl-margin-right  motopress-space\">\n<div class=\"motopress-space-obj mpce-dsbl-background-image-type mpce-dsbl-background-image mpce-dsbl-background-gradient mpce-dsbl-background-position mpce-dsbl-background-position-x mpce-dsbl-background-position-y mpce-dsbl-background-repeat mpce-dsbl-background-size mpce-dsbl-background-attachment mpce-dsbl-margin-left mpce-dsbl-margin-right mpce-dsbl-background-color mpce-dsbl-border-top-width mpce-dsbl-border-bottom-width mpce-dsbl-border-left-width mpce-dsbl-border-right-width mpce-dsbl-border-top-left-radius mpce-dsbl-border-top-right-radius mpce-dsbl-border-bottom-left-radius mpce-dsbl-border-bottom-right-radius mpce-dsbl-border-style mpce-dsbl-border-color mpce-dsbl-padding-left mpce-dsbl-padding-right mpce-dsbl-margin-top mpce-dsbl-margin-bottom mpce-dsbl-color\"  data-min-height=\"0\"><div><\/div><\/div>\n<\/div>\n<\/div>\n<div class=\"mp-row-fluid motopress-row mpce-dsbl-margin-left mpce-dsbl-margin-right\">\n<div class=\"motopress-clmn mp-span2 mpce-dsbl-margin-left mpce-dsbl-margin-right\">\n<div class=\"motopress-ce-icon-obj mp-theme-icon-bg-brand motopress-ce-icon-shape-circle  motopress-ce-icon-size-small  motopress-ce-icon-align-center  mpce-dsbl-padding-left mpce-dsbl-padding-right mpce-dsbl-margin-top mpce-dsbl-margin-bottom\" style=\" min-height: 2.000000em; height: 2.000000em; min-width: 2.000000em; width: 2.000000em;\"><div style=\"background-color:; border-color: transparent; min-height: 2.000000em; height: 2.000000em; min-width: 2.000000em; width: 2.000000em;\" class=\"motopress-ce-icon-bg\"><span class=\"fa fa-envelope-o motopress-ce-icon-preview\" style=\"color:\"><\/span><\/div><\/div>\n<\/div>\n<div class=\"motopress-clmn mp-span10 mpce-dsbl-margin-left mpce-dsbl-margin-right\">\n<div class=\"motopress-text-obj\">\n<address>adresse@nomdedomaine.fr<\/address>\n<\/div>\n<\/div>\n<\/div>\n<div class=\"mp-row-fluid motopress-row mpce-dsbl-margin-left mpce-dsbl-margin-right\">\n<div class=\"motopress-clmn mp-span12 mpce-dsbl-margin-left mpce-dsbl-margin-right  motopress-space\">\n<div class=\"motopress-space-obj mpce-dsbl-background-image-type mpce-dsbl-background-image mpce-dsbl-background-gradient mpce-dsbl-background-position mpce-dsbl-background-position-x mpce-dsbl-background-position-y mpce-dsbl-background-repeat mpce-dsbl-background-size mpce-dsbl-background-attachment mpce-dsbl-margin-left mpce-dsbl-margin-right mpce-dsbl-background-color mpce-dsbl-border-top-width mpce-dsbl-border-bottom-width mpce-dsbl-border-left-width mpce-dsbl-border-right-width mpce-dsbl-border-top-left-radius mpce-dsbl-border-top-right-radius mpce-dsbl-border-bottom-left-radius mpce-dsbl-border-bottom-right-radius mpce-dsbl-border-style mpce-dsbl-border-color mpce-dsbl-padding-left mpce-dsbl-padding-right mpce-dsbl-margin-top mpce-dsbl-margin-bottom mpce-dsbl-color\"  data-min-height=\"0\"><div><\/div><\/div>\n<\/div>\n<\/div>\n<div class=\"mp-row-fluid motopress-row mpce-dsbl-margin-left mpce-dsbl-margin-right\">\n<div class=\"motopress-clmn mp-span12 mpce-dsbl-margin-left mpce-dsbl-margin-right\">\n<div class=\"motopress-embed-obj fill-space\"><iframe src=\"https:\/\/www.google.com\/maps\/embed?pb=!1m18!1m12!1m3!1d44043.882877101954!2d6.44258509992832!3d46.37449310515954!2m3!1f0!2f0!3f0!3m2!1i1024!2i768!4f13.1!3m3!1m2!1s0x478c3e897106ff93%3A0x408ab2ae4ba9680!2s74200%20Thonon-les-Bains!5e0!3m2!1sfr!2sfr!4v1613768051557!5m2!1sfr!2sfr\" width=\"600\" height=\"450\" style=\"border:0;\" allowfullscreen=\"\" loading=\"lazy\"><\/iframe><\/div>\n<\/div>\n<\/div>\n<\/div>\n<div class=\"motopress-clmn mp-span6  mpce-dsbl-margin-left mpce-dsbl-margin-right\">\n<div class=\"mp-row-fluid motopress-row mpce-dsbl-margin-left mpce-dsbl-margin-right\">\n<div class=\"motopress-clmn mp-span12 mpce-dsbl-margin-left mpce-dsbl-margin-right\">\n<div class=\"motopress-text-obj\">\n<h2><span style=\"color: #e2a19a;\">Prendre RDV&nbsp;<\/span><\/h2>\n<\/div>\n<\/div>\n<\/div>\n<div class=\"mp-row-fluid motopress-row mpce-dsbl-margin-left mpce-dsbl-margin-right\">\n<div class=\"motopress-clmn mp-span12 mpce-dsbl-margin-left mpce-dsbl-margin-right\">\n<div class=\"motopress-code-obj\">\n<div class=\"mpa-shortcode appointment-form-shortcode\">\n<div class=\"mpa-booking-step mpa-booking-step-service-form mpa-hide\">\n    <form class=\"mpa-service-form\" method=\"POST\" action=\"\">\n\t\t\n                    <p class=\"mpa-input-wrapper mpa-service-category-wrapper\">\n                <label for=\"mpa-service-category-69def1246959d\">\n                    Cat\u00e9gorie de service                <\/label>\n\n                <select id=\"mpa-service-category-69def1246959d\" class=\"mpa-service-category mpa-optional-select\" data-default=\"\"><option value=\"\" selected='selected'>\u2014 N&#039;importe quel \u2014<\/option><\/select>            <\/p>\n        \n        <p class=\"mpa-input-wrapper mpa-service-wrapper\">\n            <label for=\"mpa-service-69def1246959d\">\n                Service                <strong><abbr title=\"Champs obligatoires\">*<\/abbr><\/strong>            <\/label>\n\n            <select id=\"mpa-service-69def1246959d\" class=\"mpa-service\" data-default=\"0\"><option value=\"\" selected='selected'>\u2014 S\u00e9lectionner \u2014<\/option><\/select>        <\/p>\n\n                    <p class=\"mpa-input-wrapper mpa-location-wrapper\">\n                <label for=\"mpa-location-69def1246959d\">\n                    Localisation                <\/label>\n\n                <select id=\"mpa-location-69def1246959d\" class=\"mpa-location mpa-optional-select\" data-default=\"0\"><option value=\"0\" selected='selected'>\u2014 N&#039;importe quel \u2014<\/option><\/select>            <\/p>\n        \n                    <p class=\"mpa-input-wrapper mpa-employee-wrapper\">\n                <label for=\"mpa-employee-69def1246959d\">\n                    Employ\u00e9                <\/label>\n\n                <select id=\"mpa-employee-69def1246959d\" class=\"mpa-employee mpa-optional-select\" data-default=\"0\"><option value=\"0\" selected='selected'>\u2014 N&#039;importe quel \u2014<\/option><\/select>            <\/p>\n        \n        <p class=\"mpa-actions\">\n            <button type=\"submit\" class=\"button button-primary mpa-button-next\" disabled=\"disabled\">Suivant<\/button>        <\/p>\n    <\/form>\n\n    <div class=\"mpa-loading\"><\/div>\n<\/div>\n<div class=\"mpa-booking-step mpa-booking-step-period mpa-hide\">\n    <p class=\"mpa-shortcode-title\">\n        S\u00e9lectionner la date et l&#039;heure    <\/p>\n\n    <div class=\"mpa-input-container\">\n        <div class=\"mpa-input-wrapper mpa-date-wrapper\">\n            <input class=\"mpa-date mpa-hide\" type=\"hidden\" value=\"\">\n\n            <div class=\"mpa-loading\"><\/div>\n        <\/div>\n\n        <div class=\"mpa-input-wrapper mpa-time-wrapper mpa-hide\">\n            <div class=\"mpa-times-container\">\n                <div class=\"mpa-times  mpa-three-columns\"><\/div>\n            <\/div>\n        <\/div>\n    <\/div>\n\n    <p class=\"mpa-actions mpa-hide\">\n        <button type=\"button\" class=\"button button-secondary mpa-button-back\">Retourner<\/button>        <button type=\"button\" class=\"button button-primary mpa-button-next\">Suivant<\/button>    <\/p>\n\n    <div class=\"mpa-loading\"><\/div>\n<\/div>\n<div class=\"mpa-booking-step mpa-booking-step-cart mpa-hide\">\n\t<p class=\"mpa-shortcode-title\">\n\t\tVotre r\u00e9servation\t<\/p>\n\n\t<div class=\"mpa-cart\">\n\t\t<div class=\"mpa-cart-items\">\n\t\t\t<div class=\"mpa-cart-item mpa-cart-item-template\">\n\t\t\t\t<div class=\"item-header\">\n\t\t\t\t\t<div class=\"cell cell-service\">\n\t\t\t\t\t\t<span class=\"cell-value mpa-service-name\">{service_name}<\/span>\n\t\t\t\t\t<\/div>\n\t\t\t\t\t<div class=\"cell cell-date\">\n\t\t\t\t\t\t<div class=\"cell-value\">\n\t\t\t\t\t\t\t<span class=\"mpa-reservation-date\">{reservation_date}<\/span>,\n\t\t\t\t\t\t\t<span class=\"mpa-reservation-time\">{reservation_time}<\/span>\n\t\t\t\t\t\t<\/div>\n\t\t\t\t\t<\/div>\n\t\t\t\t<\/div>\n\t\t\t\t<div class=\"item-body\">\n\t\t\t\t\t<div class=\"cell cell-location\">\n\t\t\t\t\t\t<p class=\"cell-title\">Localisation<\/p>\n\t\t\t\t\t\t<span class=\"cell-value mpa-location-name\">{location_name}<\/span>\n\t\t\t\t\t<\/div>\n\t\t\t\t\t<div class=\"cell cell-people\">\n\t\t\t\t\t\t<p class=\"cell-title\">Clients<\/p>\n\t\t\t\t\t\t<div class=\"cell-value mpa-reservation-capacity\">{reservation_capacity}<\/div>\n\t\t\t\t\t<\/div>\n\t\t\t\t\t<div class=\"cell cell-employee\">\n\t\t\t\t\t\t<p class=\"cell-title\">Employ\u00e9<\/p>\n\t\t\t\t\t\t<span class=\"cell-value mpa-employee-name\">{employee_name}<\/span>\n\t\t\t\t\t<\/div>\n\t\t\t\t\t<div class=\"cell cell-price\">\n\t\t\t\t\t\t<p class=\"cell-title\">Prix<\/p>\n\t\t\t\t\t\t<span class=\"cell-value mpa-reservation-price\">{reservation_price}<\/span>\n\t\t\t\t\t<\/div>\n\t\t\t\t<\/div>\n\t\t\t\t<div class=\"item-footer\">\n\t\t\t\t\t<div class=\"cell cell-actions\">\n\t\t\t\t\t\t<button type=\"button\" class=\"button button-secondary mpa-button-edit-or-remove\">Modifier<\/button>\t\t\t\t\t<\/div>\n\t\t\t\t<\/div>\n\t\t\t<\/div>\n\n\t\t\t<div class=\"no-items\">\n\t\t\t\tVotre panier est vide.\t\t\t<\/div>\n\t\t<\/div>\n\t<\/div>\n\n\t<p class=\"mpa-cart-total\">\n\t\tTotal: <span class=\"mpa-cart-total-price\"><span class=\"mpa-price mpa-zero-price\">0&nbsp;<span class=\"mpa-currency\">&euro;<\/span><\/span><\/span>\t<\/p>\n\n\t<p class=\"mpa-actions mpa-hide\">\n\t\t\n\t\t<button type=\"button\" class=\"button button-primary mpa-button-next\">Suivant<\/button>\t<\/p>\n<\/div>\n<div class=\"mpa-booking-step mpa-booking-step-checkout mpa-hide\">\n    <form class=\"mpa-checkout-form\" method=\"POST\" action=\"\">\n        <section class=\"mpa-customer-details mpa-checkout-section\">\n            <p class=\"mpa-shortcode-title\">\n                Vos informations            <\/p>\n\n            <p class=\"mpa-required-tip\">\n                <small>Les champs obligatoires sont suivis de <strong><abbr title=\"Champs obligatoires\">*<\/abbr><\/strong>.<\/small>            <\/p>\n\n            <p class=\"mpa-input-wrapper mpa-customer-name-wrapper\">\n                <label for=\"mpa-customer-name-69def12469cdb\">\n                    Nom                    <strong><abbr title=\"Champs obligatoires\">*<\/abbr><\/strong>                <\/label>\n\n                <input\n                    id=\"mpa-customer-name-69def12469cdb\"\n                    class=\"mpa-customer-name\"\n                    type=\"text\"\n                    name=\"name\"\n                    placeholder=\"Nom\"\n                    required=\"required\">\n            <\/p>\n\n            <p class=\"mpa-input-wrapper mpa-customer-email-wrapper\">\n                <label for=\"mpa-customer-email-69def12469cdb\">\n                    Courriel                    <strong><abbr title=\"Champs obligatoires\">*<\/abbr><\/strong>                <\/label>\n\n                <input\n                    id=\"mpa-customer-email-69def12469cdb\"\n                    class=\"mpa-customer-email\"\n                    type=\"email\"\n                    name=\"email\"\n                    placeholder=\"Courriel\"\n                    required=\"required\">\n            <\/p>\n\n            <p class=\"mpa-input-wrapper mpa-customer-phone-wrapper\">\n                <label for=\"mpa-customer-phone-69def12469cdb\">\n                    T\u00e9l\u00e9phone                    <strong><abbr title=\"Champs obligatoires\">*<\/abbr><\/strong>                <\/label>\n\n                <input\n                    id=\"mpa-customer-phone-69def12469cdb\"\n                    class=\"mpa-customer-phone\"\n                    type=\"tel\"\n                    name=\"tel\"\n                    pattern=\"[0-9]+\"\n                    placeholder=\"T\u00e9l\u00e9phone\"\n                    required=\"required\"\n                >\n\n                <span class=\"mpa-description mpa-small-description\">\n                    Format : 1234567890                <\/span>\n            <\/p>\n\n            <p class=\"mpa-input-wrapper mpa-customer-notes-wrapper\">\n                <label for=\"mpa-customer-notes-69def12469cdb\">\n                    Booking notes                <\/label>\n\n                <textarea\n                    id=\"mpa-customer-notes-69def12469cdb\"\n                    class=\"mpa-customer-notes\"\n                    name=\"notes\"\n                    rows=\"4\"><\/textarea>\n            <\/p>\n        <\/section>\n\n\t\t<section class=\"mpa-checkout-section mpa-order-details\">\n\t<p class=\"mpa-shortcode-title\">\n\t\tVotre commande\t<\/p>\n\n\t<div class=\"mpa-order\"><\/div>\n<\/section>\n\n\t\t\t\t\t\t\t\n        <p class=\"mpa-actions\">\n            <button type=\"button\" class=\"button button-secondary mpa-button-back\">Retourner<\/button>\t\t\t<button type=\"submit\" class=\"button button-primary mpa-button-next\" disabled=\"disabled\">R\u00e9server<\/button>        <\/p>\n    <\/form>\n<\/div>\n<div class=\"mpa-booking-step mpa-booking-step-payment mpa-hide\">\n\t<form class=\"mpa-checkout-form\" method=\"POST\" action=\"\">\n\t\t\n\t\t\n\t\t<section class=\"mpa-billing-details mpa-checkout-section\">\n\t\t\t<p class=\"mpa-shortcode-title mpa-payment-gateways-title\">\n\t\t\t\tMode de paiement\t\t\t\t<span class=\"mpa-preloader\"><\/span>\n\t\t\t<\/p>\n\n\t\t\t\t\t\t\t<p class=\"mpa-no-payment-gateways\">\n\t\t\t\t\tD\u00e9sol\u00e9, il semble qu&#039;il n&#039;existe pas de m\u00e9thodes de paiement disponibles.\t\t\t\t<\/p>\n\t\t\t\t\t<\/section>\n\n\t\t<p class=\"mpa-actions\">\n\t\t\t<button type=\"button\" class=\"button button-secondary mpa-button-back\">Retourner<\/button>\t\t\t<button type=\"submit\" class=\"button button-primary mpa-button-next\" disabled=\"disabled\">R\u00e9server<\/button>\t\t<\/p>\n\t<\/form>\n\t\n\t<div class=\"mpa-loading\"><\/div>\n<\/div>\n<div class=\"mpa-booking-step mpa-booking-step-booking mpa-hide\">\n    <p class=\"mpa-message\">\n        Faire une r\u00e9servation...        <span class=\"mpa-preloader\"><\/span>\n    <\/p>\n\n    <p class=\"mpa-actions mpa-hide\">\n        <button type=\"button\" class=\"button button-secondary mpa-button-back\">Retourner<\/button>        <button type=\"button\" class=\"button button-primary mpa-button-reset\">Ajouter une nouvelle r\u00e9servation<\/button>    <\/p>\n<\/div>\n\n<p class=\"mpa-message mpa-error mpa-hide\"><\/p>\n\n<div class=\"mpa-loading\"><\/div>\n<\/div>\n<\/div>\n<\/div>\n<\/div>\n<\/div>\n<\/div>\n","protected":false},"excerpt":{"rendered":"&nbsp;Coordonn&eacute;es N&deg; + nom de la rue CP + Ville N&deg; de t&eacute;l&eacute;phone adresse@nomdedomaine.fr Prendre RDV&nbsp; Cat\u00e9gorie de service \u2014 N&#039;importe quel \u2014 Service * \u2014 S\u00e9lectionner \u2014 Localisation \u2014 N&#039;importe quel \u2014 Employ\u00e9 \u2014 N&#039;importe quel \u2014 Suivant S\u00e9lectionner la date et l&#039;heure Retourner Suivant Votre r\u00e9servation {service_name} {reservation_date}, {reservation_time} Localisation {location_name} Clients {reservation_capacity}&#8230; <p><a class=\"more-link\" href=\"https:\/\/www.salons-et-instituts.lcinfoserv.fr\/index.php\/contact\/\">read more<\/a><\/p>","protected":false},"author":1,"featured_media":0,"parent":0,"menu_order":0,"comment_status":"closed","ping_status":"closed","template":"","meta":[],"_links":{"self":[{"href":"https:\/\/www.salons-et-instituts.lcinfoserv.fr\/index.php\/wp-json\/wp\/v2\/pages\/77"}],"collection":[{"href":"https:\/\/www.salons-et-instituts.lcinfoserv.fr\/index.php\/wp-json\/wp\/v2\/pages"}],"about":[{"href":"https:\/\/www.salons-et-instituts.lcinfoserv.fr\/index.php\/wp-json\/wp\/v2\/types\/page"}],"author":[{"embeddable":true,"href":"https:\/\/www.salons-et-instituts.lcinfoserv.fr\/index.php\/wp-json\/wp\/v2\/users\/1"}],"replies":[{"embeddable":true,"href":"https:\/\/www.salons-et-instituts.lcinfoserv.fr\/index.php\/wp-json\/wp\/v2\/comments?post=77"}],"version-history":[{"count":8,"href":"https:\/\/www.salons-et-instituts.lcinfoserv.fr\/index.php\/wp-json\/wp\/v2\/pages\/77\/revisions"}],"predecessor-version":[{"id":141,"href":"https:\/\/www.salons-et-instituts.lcinfoserv.fr\/index.php\/wp-json\/wp\/v2\/pages\/77\/revisions\/141"}],"wp:attachment":[{"href":"https:\/\/www.salons-et-instituts.lcinfoserv.fr\/index.php\/wp-json\/wp\/v2\/media?parent=77"}],"curies":[{"name":"wp","href":"https:\/\/api.w.org\/{rel}","templated":true}]}}