{"id":2,"date":"2021-02-18T10:56:16","date_gmt":"2021-02-18T09:56:16","guid":{"rendered":"http:\/\/www.salons-et-instituts.lcinfoserv.fr\/?page_id=2"},"modified":"2021-05-26T19:49:23","modified_gmt":"2021-05-26T17:49:23","slug":"page-d-exemple","status":"publish","type":"page","link":"https:\/\/www.salons-et-instituts.lcinfoserv.fr\/","title":{"rendered":"Accueil"},"content":{"rendered":"<div class=\"mp-row-fluid motopress-row mpce-dsbl-margin-left mpce-dsbl-margin-right\">\n\n<div class=\"motopress-clmn mp-span12  mpce-dsbl-margin-left mpce-dsbl-margin-right\">\n\n<div class=\"motoslider_wrapper \" id=\"motoslider_wrapper69ded7ae847b7\" >\n        <div data-motoslider style=\"height: 600px; max-height: 600px;\">\n    <\/div>\n    <div class=\"motoslider\" style=\"display: none;\">\n        <div id=\"settings\"  data-full-window-width=\"false\" data-full-height=\"false\" data-full-height-offset=\"px\" data-full-height-offset-container=\"\" data-full-size-grid=\"false\" data-timer=\"true\" data-timer-delay=\"7000\" data-hover-timer=\"false\" data-counter=\"false\" data-slider-layout=\"auto\" data-timer-reverse=\"false\" data-arrows-show=\"true\" data-thumbnails-show=\"true\" data-slideshow-timer-show=\"true\" data-slideshow-ppb-show=\"false\" data-controls-hide-on-leave=\"false\" data-swipe=\"true\" data-delay-init=\"0\" data-scroll-init=\"false\" data-start-slide=\"1\" data-visible-from=\"480\" data-visible-till=\"\" data-layout-desktop-width=\"1170\" data-layout-desktop-height=\"600\" data-layout-notebook-width=\"1024\" data-layout-notebook-height=\"768\" data-layout-tablet-width=\"778\" data-layout-tablet-height=\"960\" data-layout-mobile-width=\"480\" data-layout-mobile-height=\"720\" data-layout=\"true;false;false;false\" data-custom-class=\"\">\n        <\/div>\n        <div id=\"slides\">\n                            <div class=\"slide\"  data-class=\"\" data-id=\"\" data-animation=\"msSlide\" data-fade-animation=\"msSlide\" data-duration=\"2000\" data-easing=\"easeOutCirc\">\n                    <div class=\"slide_bg\" >\n                        <div  data-type=\"color\" data-color=\"rgba(226, 161, 154, 0.36)\"><\/div><div  data-src=\"https:\/\/www.salons-et-instituts.lcinfoserv.fr\/wp-content\/uploads\/motopress-slider\/import\/demo-slider-bg1.png\" data-type=\"image\" data-fit=\"cover\" data-position=\"center center\" data-repeat=\"no-repeat\"><\/div>                    <\/div>\n                    <div class=\"layers\">\n                                                            <div class=\"layer\"  data-width=\"347;347;347;347\" data-link=\"\" data-target=\"_blank\" data-link-class=\"\" data-type=\"image\" data-align-horizontal=\"center;center;center;center\" data-align-vertical=\"middle;middle;middle;middle\" data-offset-x=\"-230;-230;-230;-230\" data-offset-y=\"-23;-23;-23;-23\" data-animation=\"fadeIn\" data-timing-function=\"linear\" data-duration=\"1000\" data-leave-animation=\"auto\" data-leave-timing-function=\"linear\" data-leave-duration=\"1000\" data-delay=\"1000\" data-resizable=\"1\" data-dont-change-position=\"\" data-hide-width=\"\" data-font-size=\";;;\" data-line-height=\";;;\" data-text-align=\";;;\" data-class=\"mpsl-layer\">\n                                        <img width=\"470\" height=\"409\" src=\"https:\/\/www.salons-et-instituts.lcinfoserv.fr\/wp-content\/uploads\/2021\/02\/demo-slider-desktop.png\" class=\"attachment-full size-full\" alt=\"\" loading=\"lazy\" title=\"demo-slider-desktop\" srcset=\"https:\/\/www.salons-et-instituts.lcinfoserv.fr\/wp-content\/uploads\/2021\/02\/demo-slider-desktop.png 470w, https:\/\/www.salons-et-instituts.lcinfoserv.fr\/wp-content\/uploads\/2021\/02\/demo-slider-desktop-300x261.png 300w, https:\/\/www.salons-et-instituts.lcinfoserv.fr\/wp-content\/uploads\/2021\/02\/demo-slider-desktop-100x87.png 100w\" sizes=\"(max-width: 470px) 100vw, 470px\" \/>                                    <\/div>\n                                                                    <div class=\"layer\"  data-width=\"167;167;167;167\" data-link=\"\" data-target=\"_blank\" data-link-class=\"\" data-type=\"image\" data-align-horizontal=\"center;center;center;center\" data-align-vertical=\"middle;middle;middle;middle\" data-offset-x=\"-403;-403;-403;-403\" data-offset-y=\"66;66;66;66\" data-animation=\"fadeIn\" data-timing-function=\"linear\" data-duration=\"1000\" data-leave-animation=\"auto\" data-leave-timing-function=\"linear\" data-leave-duration=\"1000\" data-delay=\"1000\" data-resizable=\"1\" data-dont-change-position=\"\" data-hide-width=\"\" data-font-size=\";;;\" data-line-height=\";;;\" data-text-align=\";;;\" data-class=\"mpsl-layer\">\n                                        <img width=\"207\" height=\"281\" src=\"https:\/\/www.salons-et-instituts.lcinfoserv.fr\/wp-content\/uploads\/2021\/02\/demo-slider-tablet.png\" class=\"attachment-full size-full\" alt=\"\" loading=\"lazy\" title=\"demo-slider-tablet\" srcset=\"https:\/\/www.salons-et-instituts.lcinfoserv.fr\/wp-content\/uploads\/2021\/02\/demo-slider-tablet.png 207w, https:\/\/www.salons-et-instituts.lcinfoserv.fr\/wp-content\/uploads\/2021\/02\/demo-slider-tablet-74x100.png 74w\" sizes=\"(max-width: 207px) 100vw, 207px\" \/>                                    <\/div>\n                                                                    <div class=\"layer\"  data-width=\"74;74;74;74\" data-link=\"\" data-target=\"_blank\" data-link-class=\"\" data-type=\"image\" data-align-horizontal=\"center;center;center;center\" data-align-vertical=\"middle;middle;middle;middle\" data-offset-x=\"-310;-310;-310;-310\" data-offset-y=\"115;115;115;115\" data-animation=\"fadeIn\" data-timing-function=\"linear\" data-duration=\"1000\" data-leave-animation=\"auto\" data-leave-timing-function=\"linear\" data-leave-duration=\"1000\" data-delay=\"1000\" data-resizable=\"1\" data-dont-change-position=\"\" data-hide-width=\"\" data-font-size=\";;;\" data-line-height=\";;;\" data-text-align=\";;;\" data-class=\"mpsl-layer\">\n                                        <img width=\"86\" height=\"182\" src=\"https:\/\/www.salons-et-instituts.lcinfoserv.fr\/wp-content\/uploads\/2021\/02\/demo-slider-phone.png\" class=\"attachment-full size-full\" alt=\"\" loading=\"lazy\" title=\"demo-slider-phone\" srcset=\"https:\/\/www.salons-et-instituts.lcinfoserv.fr\/wp-content\/uploads\/2021\/02\/demo-slider-phone.png 86w, https:\/\/www.salons-et-instituts.lcinfoserv.fr\/wp-content\/uploads\/2021\/02\/demo-slider-phone-47x100.png 47w\" sizes=\"(max-width: 86px) 100vw, 86px\" \/>                                    <\/div>\n                                                                    <div class=\"layer\"  data-type=\"html\" data-align-horizontal=\"center;center;center;center\" data-align-vertical=\"middle;middle;middle;middle\" data-offset-x=\"231;231;231;231\" data-offset-y=\"-217;-217;-217;-217\" data-animation=\"fadeIn\" data-timing-function=\"linear\" data-duration=\"1000\" data-leave-animation=\"auto\" data-leave-timing-function=\"linear\" data-leave-duration=\"1000\" data-delay=\"1000\" data-resizable=\"1\" data-dont-change-position=\"\" data-hide-width=\"\" data-font-size=\";;;\" data-line-height=\";;;\" data-text-align=\";;;\" data-width=\";;;\" data-white-space=\"normal;normal;normal;normal\" data-class=\"mpsl-layer mpsl-preset-1\">Site Responsive Design<\/div>\n                                                                    <div class=\"layer\"  data-type=\"html\" data-align-horizontal=\"center;center;center;center\" data-align-vertical=\"middle;middle;middle;middle\" data-offset-x=\"194;194;194;194\" data-offset-y=\"-47;-47;-47;-47\" data-animation=\"fadeIn\" data-timing-function=\"linear\" data-duration=\"1000\" data-leave-animation=\"auto\" data-leave-timing-function=\"linear\" data-leave-duration=\"1000\" data-delay=\"1000\" data-resizable=\"1\" data-dont-change-position=\"\" data-hide-width=\"\" data-font-size=\";;;\" data-line-height=\";;;\" data-text-align=\";;;\" data-width=\";;;\" data-white-space=\"normal;normal;normal;normal\" data-class=\"mpsl-layer mpsl-preset-2\">Smartphone, Tablette, Ordinateur...<br \/><br \/>Votre site s'adapte \u00e0 tous les supports.<\/div>\n                                                    <\/div>\n                <\/div>\n                            <div class=\"slide\"  data-class=\"\" data-id=\"\" data-animation=\"msSlide\" data-fade-animation=\"msSlide\" data-duration=\"2000\" data-easing=\"easeOutCirc\">\n                    <div class=\"slide_bg\" >\n                        <div  data-type=\"color\" data-color=\"rgb(255, 255, 255)\"><\/div><div  data-src=\"https:\/\/www.salons-et-instituts.lcinfoserv.fr\/wp-content\/uploads\/2021\/02\/9.png\" data-type=\"image\" data-fit=\"normal\" data-position=\"center center\" data-repeat=\"no-repeat\"><\/div>                    <\/div>\n                    <div class=\"layers\">\n                                                            <div class=\"layer\"  data-type=\"html\" data-align-horizontal=\"center;center;center;center\" data-align-vertical=\"middle;middle;middle;middle\" data-offset-x=\"-313;-313;-313;-313\" data-offset-y=\"-195;-195;-195;-195\" data-animation=\"fadeIn\" data-timing-function=\"linear\" data-duration=\"1000\" data-leave-animation=\"auto\" data-leave-timing-function=\"linear\" data-leave-duration=\"1000\" data-delay=\"1000\" data-resizable=\"1\" data-dont-change-position=\"\" data-hide-width=\"\" data-font-size=\";;;\" data-line-height=\";;;\" data-text-align=\";;;\" data-width=\";;;\" data-white-space=\"normal;normal;normal;normal\" data-class=\"mpsl-layer mpsl-preset-3\">A votre image<\/div>\n                                                                    <div class=\"layer\"  data-type=\"html\" data-align-horizontal=\"center;center;center;center\" data-align-vertical=\"middle;middle;middle;middle\" data-offset-x=\"-169;-169;-169;-169\" data-offset-y=\"-61;-61;-61;-61\" data-animation=\"fadeIn\" data-timing-function=\"linear\" data-duration=\"1000\" data-leave-animation=\"auto\" data-leave-timing-function=\"linear\" data-leave-duration=\"1000\" data-delay=\"1000\" data-resizable=\"1\" data-dont-change-position=\"\" data-hide-width=\"\" data-font-size=\";;;\" data-line-height=\";;;\" data-text-align=\";;;\" data-width=\"484;484;484;484\" data-white-space=\"normal;normal;normal;normal\" data-class=\"mpsl-layer mpsl-preset-4\">Personnalisez votre site selon vos besoins et vos envies :<br \/><br \/>Images, Typographie, Couleurs, Positions, ...<br \/>C'est vous qui d\u00e9cidez !<\/div>\n                                                    <\/div>\n                <\/div>\n                    <\/div>\n    <\/div>\n<\/div>\n    <p class=\"motopress-hide-script mpsl-hide-script\">\n        <script type=\"text\/javascript\" id='mpsl-slider-fonts-load-motoslider_wrapper69ded7ae847b7'>\n            var font = document.createElement('link');\n            font.rel = 'stylesheet';\n            font.type = 'text\/css';\n            font.className = 'mpsl-fonts-link';\n            font.href = 'https:\/\/fonts.googleapis.com\/css?family=Unica+One|Ubuntu';\n            document.getElementsByTagName('head')[0].appendChild(font);\n        <\/script>\n    <\/p>\n<p class=\"motopress-hide-script mpsl-hide-script\">\n    <script type=\"text\/javascript\" id='mpsl-fix-height-motoslider_wrapper69ded7ae847b7'>\n        var aspect = 0.51282051282051;\n        var sliderWrapper = document.getElementById('motoslider_wrapper69ded7ae847b7');\n        var outerWidth = sliderWrapper.offsetWidth;\n        var curHeight = outerWidth * aspect;\n        sliderWrapper.querySelector('[data-motoslider]').height = curHeight + 'px';\n    <\/script>\n<\/p>\n\n<\/div>\n\n<\/div>\n\n<div class=\"mp-row-fluid motopress-row mpce-dsbl-margin-left mpce-dsbl-margin-right\">\n\n<div class=\"motopress-clmn mp-span12  mpce-dsbl-margin-left mpce-dsbl-margin-right\">\n\n<p><\/p>\n<p>Ceci est une page d\u2019accueil exemple pour ce mod\u00e8le pr\u00e9-param\u00e9tr\u00e9 destin\u00e9 aux professionnel(le)s du bien \u00eatre corporel. Retrouvez sur ce site de d\u00e9monstration quelques pages vous pr\u00e9sentant les diff\u00e9rentes possibilit\u00e9s en terme de cr\u00e9ation graphique et visuelle, ainsi qu&rsquo;en terme de fonctionnalit\u00e9s.<\/p>\n<p><\/p>\n<p><\/p>\n<blockquote class=\"wp-block-quote\">\n<p>Personnalisation \u00e0 votre image :<\/p>\n<ul>\n<li>Textes (couleurs, tailles, typographies)<\/li>\n<li>Images, logo<\/li>\n<li>Couleurs<\/li>\n<li>Menus (jusqu&rsquo;\u00e0 6 pages, 40 \u20ac la page suppl\u00e9mentaire)<\/li>\n<li>Services et cat\u00e9gories de services<\/li>\n<li>Prix<\/li>\n<li>Horaires (temps de pauses, pauses d\u00e9jeuner), employ\u00e9(e)s, lieu(x) d&rsquo;activit\u00e9<\/li>\n<\/ul>\n<\/blockquote>\n<p><\/p>\n<p><\/p>\n<p>Ce site conviendra aussi bien aux personnes travaillant seules qu&rsquo;aux \u00e9quipes, sur un seul ou plusieurs salons \/ instituts.<\/p>\n<p>Bonne visite sur ce site \u00ab\u00a0cl\u00e9 en main\u00a0\u00bb, totalement personnalisable.<\/p>\n<p><\/p>\n\n<\/div>\n\n<\/div>\n\n<div class=\"mp-row-fluid motopress-row mpce-dsbl-margin-left mpce-dsbl-margin-right\">\n\n<div class=\"motopress-clmn mp-span12  mpce-dsbl-margin-left mpce-dsbl-margin-right\">\n\n<div class=\"motopress-cta-obj  motopress-cta-obj-basic  style-brand \"><div class=\"motopress-cta motopress-cta-shape-squere motopress-cta-style-brand motopress-need-animate motopress-cta-fullwidth motopress-cta-icon-left motopress-cta-icon-aside\" style=\"\" data-animation=\"none\"><div class=\"motopress-cta-icon-section\"><i class=\"fa fa-info-circle mp-theme-icon-white\" style=\"font-size: 80px;\" data-animation=\"left-to-right\"><\/i><\/div><div class=\"motopress-cta-content-container motopress-cta-button-right motopress-cta-button-aside\"><div class=\"motopress-cta-content-section motopress-text-align-left\"><header class=\"motopress-cta-content-header\"><h2 class=\"motopress-cta-content-heading\">Ce site pour 1850 \u20ac*<\/h2><h4 class=\"motopress-cta-content-subheading\">Personnalisations, pages et mentions RGPD incluses<\/h4><\/header><p class=\"motopress-cta-content-text\">* Hors frais annuels (nom de domaine, h\u00e9bergement, maintenance), hors achat \/ param\u00e9trage de plug-ins suppl\u00e9mentaires, hors formation<\/p><\/div><div class=\"motopress-button-wrap motopress-text-align-center\"><a target=\"_self\" href=\"mailto:contact@lcinfoserv.fr\" class=\"motopress-btn motopress-btn-size-large motopress-btn-icon-indent-small motopress-btn-rounded mp-theme-button-white\" data-animation=\"right-to-left\" >En savoir plus<\/a><\/div><\/div><\/div><\/div>\n\n<\/div>\n\n<\/div>","protected":false},"excerpt":{"rendered":"Site Responsive Design Smartphone, Tablette, Ordinateur&#8230;Votre site s&rsquo;adapte \u00e0 tous les supports. A votre image Personnalisez votre site selon vos besoins et vos envies :Images, Typographie, Couleurs, Positions, &#8230;C&rsquo;est vous qui d\u00e9cidez ! Ceci est une page d\u2019accueil exemple pour ce mod\u00e8le pr\u00e9-param\u00e9tr\u00e9 destin\u00e9 aux professionnel(le)s du bien \u00eatre corporel. Retrouvez sur ce site de&#8230; <p><a class=\"more-link\" href=\"https:\/\/www.salons-et-instituts.lcinfoserv.fr\/\">read more<\/a><\/p>","protected":false},"author":1,"featured_media":0,"parent":0,"menu_order":0,"comment_status":"closed","ping_status":"open","template":"","meta":[],"_links":{"self":[{"href":"https:\/\/www.salons-et-instituts.lcinfoserv.fr\/index.php\/wp-json\/wp\/v2\/pages\/2"}],"collection":[{"href":"https:\/\/www.salons-et-instituts.lcinfoserv.fr\/index.php\/wp-json\/wp\/v2\/pages"}],"about":[{"href":"https:\/\/www.salons-et-instituts.lcinfoserv.fr\/index.php\/wp-json\/wp\/v2\/types\/page"}],"author":[{"embeddable":true,"href":"https:\/\/www.salons-et-instituts.lcinfoserv.fr\/index.php\/wp-json\/wp\/v2\/users\/1"}],"replies":[{"embeddable":true,"href":"https:\/\/www.salons-et-instituts.lcinfoserv.fr\/index.php\/wp-json\/wp\/v2\/comments?post=2"}],"version-history":[{"count":7,"href":"https:\/\/www.salons-et-instituts.lcinfoserv.fr\/index.php\/wp-json\/wp\/v2\/pages\/2\/revisions"}],"predecessor-version":[{"id":139,"href":"https:\/\/www.salons-et-instituts.lcinfoserv.fr\/index.php\/wp-json\/wp\/v2\/pages\/2\/revisions\/139"}],"wp:attachment":[{"href":"https:\/\/www.salons-et-instituts.lcinfoserv.fr\/index.php\/wp-json\/wp\/v2\/media?parent=2"}],"curies":[{"name":"wp","href":"https:\/\/api.w.org\/{rel}","templated":true}]}}